{"id":104,"date":"2025-01-20T14:35:02","date_gmt":"2025-01-20T14:35:02","guid":{"rendered":"http:\/\/eurosargen.es\/?page_id=104"},"modified":"2025-01-22T14:17:11","modified_gmt":"2025-01-22T14:17:11","slug":"quienes-somos","status":"publish","type":"page","link":"https:\/\/eurosargen.es\/en\/quienes-somos\/","title":{"rendered":"Qui\u00e9nes Somos"},"content":{"rendered":"<p>[et_pb_section fb_built=\u00bb1&#8243; custom_padding_last_edited=\u00bbon|tablet\u00bb _builder_version=\u00bb4.27.0&#8243; _module_preset=\u00bbdefault\u00bb background_color=\u00bb#FFAE02&#8243; background_image=\u00bbhttp:\/\/eurosargen.es\/wp-content\/uploads\/2025\/01\/Banner2.jpg\u00bb background_enable_mask_style=\u00bbon\u00bb background_mask_style=\u00bbcaret\u00bb background_mask_color=\u00bb#FFAE02&#8243; background_mask_transform=\u00bbflip_horizontal|invert\u00bb overflow-x=\u00bbhidden\u00bb overflow-y=\u00bbhidden\u00bb custom_margin=\u00bb0px||0px||false|false\u00bb custom_padding=\u00bb220px||220px||true|false\u00bb custom_padding_tablet=\u00bb140px||140px||false|false\u00bb custom_padding_phone=\u00bb90px||90px||false|false\u00bb animation_style=\u00bbfade\u00bb animation_speed_curve=\u00bbease\u00bb global_colors_info=\u00bb{}\u00bb][et_pb_row column_structure=\u00bb3_5,2_5&#8243; module_class=\u00bblogistic-10-inlbtn-sc\u00bb _builder_version=\u00bb4.27.0&#8243; _module_preset=\u00bbdefault\u00bb width=\u00bb90%\u00bb max_width=\u00bb1426px\u00bb custom_margin=\u00bb0px||0px||false|false\u00bb custom_padding=\u00bb0px||0px||false|false\u00bb global_colors_info=\u00bb{}\u00bb][et_pb_column type=\u00bb3_5&#8243; _builder_version=\u00bb4.24.1&#8243; _module_preset=\u00bbdefault\u00bb global_colors_info=\u00bb{}\u00bb][et_pb_text _builder_version=\u00bb4.27.0&#8243; _module_preset=\u00bbdefault\u00bb header_font=\u00bb|800|||||||\u00bb header_text_align=\u00bbleft\u00bb header_text_color=\u00bb#FFFFFF\u00bb header_font_size=\u00bb60px\u00bb header_letter_spacing=\u00bb-1px\u00bb header_line_height=\u00bb1.2em\u00bb custom_margin=\u00bb0px||15px||false|false\u00bb custom_padding=\u00bb0px||0px||false|false\u00bb animation_style=\u00bbslide\u00bb animation_direction=\u00bbtop\u00bb animation_delay=\u00bb700ms\u00bb animation_intensity_slide=\u00bb5%\u00bb animation_speed_curve=\u00bbease\u00bb header_font_size_tablet=\u00bb60px\u00bb header_font_size_phone=\u00bb36px\u00bb header_font_size_last_edited=\u00bbon|phone\u00bb header_text_shadow_style=\u00bbpreset5&#8243; header_text_shadow_horizontal_length=\u00bb0.04em\u00bb header_text_shadow_vertical_length=\u00bb0.04em\u00bb header_text_shadow_color=\u00bb#000000&#8243; global_colors_info=\u00bb{}\u00bb]<\/p>\n<h1>Qui\u00e9nes Somos<\/h1>\n<p>[\/et_pb_text][et_pb_text _builder_version=\u00bb4.27.0&#8243; _module_preset=\u00bbdefault\u00bb text_font=\u00bb||||||||\u00bb text_text_color=\u00bb#FFFFFF\u00bb text_font_size=\u00bb25px\u00bb text_line_height=\u00bb1.6em\u00bb max_width=\u00bb600px\u00bb custom_margin=\u00bb0px||4px||false|false\u00bb custom_margin_tablet=\u00bb0px||60px||false|false\u00bb custom_margin_phone=\u00bb0px||35px||false|false\u00bb custom_margin_last_edited=\u00bbon|phone\u00bb custom_padding=\u00bb0px||0px||false|false\u00bb animation_style=\u00bbslide\u00bb animation_direction=\u00bbleft\u00bb animation_delay=\u00bb900ms\u00bb animation_intensity_slide=\u00bb3%\u00bb animation_speed_curve=\u00bbease\u00bb global_colors_info=\u00bb{}\u00bb][\/et_pb_text][et_pb_code admin_label=\u00bbinline-button code\u00bb _builder_version=\u00bb4.24.1&#8243; _module_preset=\u00bbdefault\u00bb custom_margin=\u00bb0px||0px||false|false\u00bb custom_padding=\u00bb0px||0px||false|false\u00bb global_colors_info=\u00bb{}\u00bb]<\/p>\n<style><!-- [et_pb_line_break_holder] -->  .logistic-10-inlbtn-sc<!-- [et_pb_line_break_holder] -->.et_pb_button_module_wrapper {<!-- [et_pb_line_break_holder] -->display: inline-block;<!-- [et_pb_line_break_holder] --><!-- [et_pb_line_break_holder] -->}<!-- [et_pb_line_break_holder] --><!-- [et_pb_line_break_holder] --><\/style>\n<p>[\/et_pb_code][\/et_pb_column][et_pb_column type=\u00bb2_5&#8243; _builder_version=\u00bb4.24.1&#8243; _module_preset=\u00bbdefault\u00bb global_colors_info=\u00bb{}\u00bb][\/et_pb_column][\/et_pb_row][\/et_pb_section][et_pb_section fb_built=\u00bb1&#8243; custom_padding_last_edited=\u00bbon|tablet\u00bb _builder_version=\u00bb4.27.0&#8243; _module_preset=\u00bbdefault\u00bb background_color=\u00bb#FFAE02&#8243; background_enable_image=\u00bboff\u00bb background_blend=\u00bbluminosity\u00bb custom_margin=\u00bb0px||0px||false|false\u00bb custom_padding=\u00bb55px||55px||true|false\u00bb custom_padding_tablet=\u00bb120px||120px||false|false\u00bb custom_padding_phone=\u00bb90px||90px||false|false\u00bb global_colors_info=\u00bb{}\u00bb][et_pb_row column_structure=\u00bb1_2,1_2&#8243; use_custom_gutter=\u00bbon\u00bb gutter_width=\u00bb1&#8243; make_equal=\u00bbon\u00bb _builder_version=\u00bb4.27.0&#8243; _module_preset=\u00bbdefault\u00bb background_color=\u00bb#000000&#8243; width=\u00bb90%\u00bb max_width=\u00bb1426px\u00bb custom_margin=\u00bb-180px||0px||false|false\u00bb custom_padding=\u00bb30px|30px|30px|30px|true|true\u00bb box_shadow_style=\u00bbpreset1&#8243; global_colors_info=\u00bb{}\u00bb][et_pb_column type=\u00bb1_2&#8243; _builder_version=\u00bb4.27.0&#8243; _module_preset=\u00bbdefault\u00bb background_image=\u00bbhttp:\/\/eurosargen.es\/wp-content\/uploads\/2025\/01\/Camion1-scaled.jpg\u00bb animation_style=\u00bbslide\u00bb animation_direction=\u00bbleft\u00bb animation_intensity_slide=\u00bb3%\u00bb animation_speed_curve=\u00bbease\u00bb global_colors_info=\u00bb{}\u00bb][\/et_pb_column][et_pb_column type=\u00bb1_2&#8243; _builder_version=\u00bb4.27.0&#8243; _module_preset=\u00bbdefault\u00bb custom_padding=\u00bb|||20px|false|false\u00bb custom_padding_tablet=\u00bb80px|||0px|false|false\u00bb custom_padding_phone=\u00bb55px||||false|false\u00bb custom_padding_last_edited=\u00bbon|tablet\u00bb custom_css_main_element=\u00bbmargin:auto\u00bb global_colors_info=\u00bb{}\u00bb][et_pb_text _builder_version=\u00bb4.27.0&#8243; _module_preset=\u00bbdefault\u00bb header_5_font=\u00bbAlbert Sans|700||on|||||\u00bb header_5_text_align=\u00bbleft\u00bb header_5_text_color=\u00bb#FFAE02&#8243; header_5_font_size=\u00bb18px\u00bb header_5_line_height=\u00bb1.2em\u00bb custom_margin=\u00bb0px||2px||false|false\u00bb custom_padding=\u00bb0px||0px||false|false\u00bb animation_style=\u00bbfade\u00bb animation_delay=\u00bb500ms\u00bb animation_speed_curve=\u00bbease\u00bb hover_enabled=\u00bb0&#8243; global_colors_info=\u00bb{}\u00bb sticky_enabled=\u00bb0&#8243;]<\/p>\n<h5>EUROSARgEN<\/h5>\n<p>[\/et_pb_text][et_pb_text _builder_version=\u00bb4.27.0&#8243; _module_preset=\u00bbdefault\u00bb header_2_text_align=\u00bbleft\u00bb header_2_text_color=\u00bb#FFAE02&#8243; header_2_font_size=\u00bb53px\u00bb header_2_letter_spacing=\u00bb-2px\u00bb header_2_line_height=\u00bb1.28em\u00bb custom_margin=\u00bb0px||18px||false|false\u00bb custom_padding=\u00bb0px||0px||false|false\u00bb animation_style=\u00bbslide\u00bb animation_direction=\u00bbright\u00bb animation_intensity_slide=\u00bb3%\u00bb animation_speed_curve=\u00bbease\u00bb header_2_font_size_tablet=\u00bb53px\u00bb header_2_font_size_phone=\u00bb30px\u00bb header_2_font_size_last_edited=\u00bbon|phone\u00bb global_colors_info=\u00bb{}\u00bb]<\/p>\n<h2>Experiencia y tecnolog\u00eda<\/h2>\n<p>[\/et_pb_text][et_pb_text _builder_version=\u00bb4.27.0&#8243; _module_preset=\u00bbdefault\u00bb text_text_color=\u00bb#FFAE02&#8243; text_font_size=\u00bb16px\u00bb text_line_height=\u00bb1.8em\u00bb custom_margin=\u00bb0px||38px||false|false\u00bb custom_padding=\u00bb0px||0px||false|false\u00bb global_colors_info=\u00bb{}\u00bb]<\/p>\n<p><span style=\"font-weight: 400;\">Somos una empresa familiar creada en 2016 contamos con una gran experiencia previa en el sector transporte. Nuestro objetivo es crear una empresa que ofrezca la m\u00e1xima garant\u00eda a nuestros clientes de seguridad y puntualidad, ofrecemos confianza.<\/span><\/p>\n<p><strong>Apostamos por la innovaci\u00f3n y \u00faltimas tecnolog\u00edas desde la creaci\u00f3n de EUROSARGEN, actualmente contamos con una flota totalmente renovada compuesta por 40 cabezas tractoras que incorporan las \u00faltimas tecnolog\u00edas de seguimiento y control de temperatura.<\/strong><\/p>\n<p><span style=\"font-weight: 400;\">Mantener la confianza de nuestros clientes es nuestro objetivo y para nosotros un indicador de la calidad de nuestro trabajo, contamos con la confianza de grandes empresas como Isabel Alonso l\u00edder en transporte a nivel nacional con la que colaboramos de forma habitual.<\/span><\/p>\n<p><span style=\"font-weight: 400;\">Ofrecemos soluciones a medida de las necesidades de cada cliente y un servicio de atenci\u00f3n al cliente profesional y accesible para resolver cualquier incidencia de forma eficiente y r\u00e1pida.<\/span><\/p>\n<p>[\/et_pb_text][\/et_pb_column][\/et_pb_row][\/et_pb_section][et_pb_section fb_built=\u00bb1&#8243; _builder_version=\u00bb4.27.0&#8243; _module_preset=\u00bbdefault\u00bb background_color=\u00bbrgba(0,0,0,0.45)\u00bb background_image=\u00bbhttp:\/\/eurosargen.es\/wp-content\/uploads\/2025\/01\/Europa.jpg\u00bb background_blend=\u00bbmultiply\u00bb custom_margin=\u00bb0px||0px||true|false\u00bb custom_padding=\u00bb160px||160px||true|\u00bb top_divider_style=\u00bbarrow2&#8243; top_divider_color=\u00bb#FFAE02&#8243; top_divider_height=\u00bb50px\u00bb top_divider_repeat=\u00bb1x\u00bb bottom_divider_style=\u00bbarrow3&#8243; bottom_divider_color=\u00bb#FFFFFF\u00bb bottom_divider_height=\u00bb55px\u00bb bottom_divider_repeat=\u00bb2x\u00bb global_colors_info=\u00bb{}\u00bb][et_pb_row _builder_version=\u00bb4.27.0&#8243; _module_preset=\u00bbdefault\u00bb global_colors_info=\u00bb{}\u00bb][et_pb_column type=\u00bb4_4&#8243; _builder_version=\u00bb4.27.0&#8243; _module_preset=\u00bbdefault\u00bb global_colors_info=\u00bb{}\u00bb][dipl_text_highlighter pre_highlighter_content=\u00bbSoluciones a medida\u00bb highlighter_content=\u00bbde tus necesidades\u00bb svg_type=\u00bbhighlight_underline\u00bb svg_color=\u00bb#FFAE02&#8243; stroke_width=\u00bb3.3&#8243; _builder_version=\u00bb4.27.0&#8243; _module_preset=\u00bbdefault\u00bb global_title_font=\u00bb|700|||||||\u00bb main_title_font=\u00bb|700|||||||\u00bb global_body_text_align=\u00bbcenter\u00bb global_body_text_color=\u00bb#FFFFFF\u00bb global_body_font_size=\u00bb45px\u00bb main_body_font=\u00bb|800|||||||\u00bb main_body_text_color=\u00bb#FFFFFF\u00bb global_colors_info=\u00bb{}\u00bb][\/dipl_text_highlighter][et_pb_button button_url=\u00bb#contacto\u00bb button_text=\u00bbPide un presupuesto\u00bb button_alignment=\u00bbcenter\u00bb _builder_version=\u00bb4.27.0&#8243; _module_preset=\u00bbdefault\u00bb custom_button=\u00bbon\u00bb button_text_size=\u00bb16px\u00bb button_text_color=\u00bb#FFFFFF\u00bb button_bg_color=\u00bb#FFAE02&#8243; button_border_width=\u00bb1px\u00bb button_border_color=\u00bb#FFFFFF\u00bb button_border_radius=\u00bb0px\u00bb button_font=\u00bbAlbert Sans|800|||||||\u00bb button_icon=\u00bb&#x35;||divi||400&#8243; button_on_hover=\u00bboff\u00bb custom_margin=\u00bb0px|20px|0px|0px|false|false\u00bb custom_margin_tablet=\u00bb0px|20px|0px|0px|false|false\u00bb custom_margin_phone=\u00bb0px|20px|30px|0px|false|false\u00bb custom_margin_last_edited=\u00bbon|phone\u00bb custom_padding=\u00bb11px|41px|11px|25px|false|false\u00bb animation_style=\u00bbslide\u00bb animation_direction=\u00bbright\u00bb animation_delay=\u00bb1100ms\u00bb animation_intensity_slide=\u00bb4%\u00bb animation_speed_curve=\u00bbease\u00bb locked=\u00bboff\u00bb global_colors_info=\u00bb{}\u00bb button_bg_color__hover_enabled=\u00bbon|hover\u00bb button_bg_color__hover=\u00bb#020e28&#8243; button_bg_enable_color__hover=\u00bbon\u00bb button_border_color__hover_enabled=\u00bbon|desktop\u00bb button_border_color__hover=\u00bb#020e28&#8243; button_letter_spacing__hover_enabled=\u00bbon|hover\u00bb button_letter_spacing__hover=\u00bb0px\u00bb][\/et_pb_button][\/et_pb_column][\/et_pb_row][\/et_pb_section]<\/p>","protected":false},"excerpt":{"rendered":"<p>Qui\u00e9nes SomosEUROSARgENExperiencia y tecnolog\u00edaSomos una empresa familiar creada en 2016 contamos con una gran experiencia previa en el sector transporte. Nuestro objetivo es crear una empresa que ofrezca la m\u00e1xima garant\u00eda a nuestros clientes de seguridad y puntualidad, ofrecemos confianza. Apostamos por la innovaci\u00f3n y \u00faltimas tecnolog\u00edas desde la creaci\u00f3n de EUROSARGEN, actualmente contamos con [&hellip;]<\/p>","protected":false},"author":2,"featured_media":0,"parent":0,"menu_order":0,"comment_status":"closed","ping_status":"closed","template":"","meta":{"_et_pb_use_builder":"on","_et_pb_old_content":"","_et_gb_content_width":"","footnotes":""},"class_list":["post-104","page","type-page","status-publish","hentry"],"yoast_head":"<!-- This site is optimized with the Yoast SEO plugin v24.3 - https:\/\/yoast.com\/wordpress\/plugins\/seo\/ -->\n<title>Qui\u00e9nes Somos - EUROSARGEN<\/title>\n<meta name=\"robots\" content=\"index, follow, max-snippet:-1, max-image-preview:large, max-video-preview:-1\" \/>\n<link rel=\"canonical\" href=\"https:\/\/eurosargen.es\/en\/quienes-somos\/\" \/>\n<meta property=\"og:locale\" content=\"en_GB\" \/>\n<meta property=\"og:type\" content=\"article\" \/>\n<meta property=\"og:title\" content=\"Qui\u00e9nes Somos - EUROSARGEN\" \/>\n<meta property=\"og:description\" content=\"Qui\u00e9nes SomosEUROSARgENExperiencia y tecnolog\u00edaSomos una empresa familiar creada en 2016 contamos con una gran experiencia previa en el sector transporte. Nuestro objetivo es crear una empresa que ofrezca la m\u00e1xima garant\u00eda a nuestros clientes de seguridad y puntualidad, ofrecemos confianza. Apostamos por la innovaci\u00f3n y \u00faltimas tecnolog\u00edas desde la creaci\u00f3n de EUROSARGEN, actualmente contamos con [&hellip;]\" \/>\n<meta property=\"og:url\" content=\"https:\/\/eurosargen.es\/en\/quienes-somos\/\" \/>\n<meta property=\"og:site_name\" content=\"EUROSARGEN\" \/>\n<meta property=\"article:modified_time\" content=\"2025-01-22T14:17:11+00:00\" \/>\n<meta name=\"twitter:card\" content=\"summary_large_image\" \/>\n<meta name=\"twitter:label1\" content=\"Estimated reading time\" \/>\n\t<meta name=\"twitter:data1\" content=\"6 minutes\" \/>\n<script type=\"application\/ld+json\" class=\"yoast-schema-graph\">{\"@context\":\"https:\/\/schema.org\",\"@graph\":[{\"@type\":\"WebPage\",\"@id\":\"https:\/\/eurosargen.es\/quienes-somos\/\",\"url\":\"https:\/\/eurosargen.es\/quienes-somos\/\",\"name\":\"Qui\u00e9nes Somos - EUROSARGEN\",\"isPartOf\":{\"@id\":\"http:\/\/eurosargen.es\/#website\"},\"datePublished\":\"2025-01-20T14:35:02+00:00\",\"dateModified\":\"2025-01-22T14:17:11+00:00\",\"breadcrumb\":{\"@id\":\"https:\/\/eurosargen.es\/quienes-somos\/#breadcrumb\"},\"inLanguage\":\"en-GB\",\"potentialAction\":[{\"@type\":\"ReadAction\",\"target\":[\"https:\/\/eurosargen.es\/quienes-somos\/\"]}]},{\"@type\":\"BreadcrumbList\",\"@id\":\"https:\/\/eurosargen.es\/quienes-somos\/#breadcrumb\",\"itemListElement\":[{\"@type\":\"ListItem\",\"position\":1,\"name\":\"Portada\",\"item\":\"https:\/\/eurosargen.es\/\"},{\"@type\":\"ListItem\",\"position\":2,\"name\":\"Qui\u00e9nes Somos\"}]},{\"@type\":\"WebSite\",\"@id\":\"http:\/\/eurosargen.es\/#website\",\"url\":\"http:\/\/eurosargen.es\/\",\"name\":\"EUROSARGEN\",\"description\":\"Transporte por carretera \",\"publisher\":{\"@id\":\"http:\/\/eurosargen.es\/#organization\"},\"potentialAction\":[{\"@type\":\"SearchAction\",\"target\":{\"@type\":\"EntryPoint\",\"urlTemplate\":\"http:\/\/eurosargen.es\/?s={search_term_string}\"},\"query-input\":{\"@type\":\"PropertyValueSpecification\",\"valueRequired\":true,\"valueName\":\"search_term_string\"}}],\"inLanguage\":\"en-GB\"},{\"@type\":\"Organization\",\"@id\":\"http:\/\/eurosargen.es\/#organization\",\"name\":\"EUROSARGEN\",\"url\":\"http:\/\/eurosargen.es\/\",\"logo\":{\"@type\":\"ImageObject\",\"inLanguage\":\"en-GB\",\"@id\":\"http:\/\/eurosargen.es\/#\/schema\/logo\/image\/\",\"url\":\"https:\/\/eurosargen.es\/wp-content\/uploads\/2025\/01\/Eurosargen-2.png\",\"contentUrl\":\"https:\/\/eurosargen.es\/wp-content\/uploads\/2025\/01\/Eurosargen-2.png\",\"width\":897,\"height\":377,\"caption\":\"EUROSARGEN\"},\"image\":{\"@id\":\"http:\/\/eurosargen.es\/#\/schema\/logo\/image\/\"}}]}<\/script>\n<!-- \/ Yoast SEO plugin. -->","yoast_head_json":{"title":"Qui\u00e9nes Somos - EUROSARGEN","robots":{"index":"index","follow":"follow","max-snippet":"max-snippet:-1","max-image-preview":"max-image-preview:large","max-video-preview":"max-video-preview:-1"},"canonical":"https:\/\/eurosargen.es\/en\/quienes-somos\/","og_locale":"en_GB","og_type":"article","og_title":"Qui\u00e9nes Somos - EUROSARGEN","og_description":"Qui\u00e9nes SomosEUROSARgENExperiencia y tecnolog\u00edaSomos una empresa familiar creada en 2016 contamos con una gran experiencia previa en el sector transporte. Nuestro objetivo es crear una empresa que ofrezca la m\u00e1xima garant\u00eda a nuestros clientes de seguridad y puntualidad, ofrecemos confianza. Apostamos por la innovaci\u00f3n y \u00faltimas tecnolog\u00edas desde la creaci\u00f3n de EUROSARGEN, actualmente contamos con [&hellip;]","og_url":"https:\/\/eurosargen.es\/en\/quienes-somos\/","og_site_name":"EUROSARGEN","article_modified_time":"2025-01-22T14:17:11+00:00","twitter_card":"summary_large_image","twitter_misc":{"Estimated reading time":"6 minutes"},"schema":{"@context":"https:\/\/schema.org","@graph":[{"@type":"WebPage","@id":"https:\/\/eurosargen.es\/quienes-somos\/","url":"https:\/\/eurosargen.es\/quienes-somos\/","name":"Qui\u00e9nes Somos - EUROSARGEN","isPartOf":{"@id":"http:\/\/eurosargen.es\/#website"},"datePublished":"2025-01-20T14:35:02+00:00","dateModified":"2025-01-22T14:17:11+00:00","breadcrumb":{"@id":"https:\/\/eurosargen.es\/quienes-somos\/#breadcrumb"},"inLanguage":"en-GB","potentialAction":[{"@type":"ReadAction","target":["https:\/\/eurosargen.es\/quienes-somos\/"]}]},{"@type":"BreadcrumbList","@id":"https:\/\/eurosargen.es\/quienes-somos\/#breadcrumb","itemListElement":[{"@type":"ListItem","position":1,"name":"Portada","item":"https:\/\/eurosargen.es\/"},{"@type":"ListItem","position":2,"name":"Qui\u00e9nes Somos"}]},{"@type":"WebSite","@id":"http:\/\/eurosargen.es\/#website","url":"http:\/\/eurosargen.es\/","name":"EUROSARGEN","description":"Transporte por carretera ","publisher":{"@id":"http:\/\/eurosargen.es\/#organization"},"potentialAction":[{"@type":"SearchAction","target":{"@type":"EntryPoint","urlTemplate":"http:\/\/eurosargen.es\/?s={search_term_string}"},"query-input":{"@type":"PropertyValueSpecification","valueRequired":true,"valueName":"search_term_string"}}],"inLanguage":"en-GB"},{"@type":"Organization","@id":"http:\/\/eurosargen.es\/#organization","name":"EUROSARGEN","url":"http:\/\/eurosargen.es\/","logo":{"@type":"ImageObject","inLanguage":"en-GB","@id":"http:\/\/eurosargen.es\/#\/schema\/logo\/image\/","url":"https:\/\/eurosargen.es\/wp-content\/uploads\/2025\/01\/Eurosargen-2.png","contentUrl":"https:\/\/eurosargen.es\/wp-content\/uploads\/2025\/01\/Eurosargen-2.png","width":897,"height":377,"caption":"EUROSARGEN"},"image":{"@id":"http:\/\/eurosargen.es\/#\/schema\/logo\/image\/"}}]}},"_links":{"self":[{"href":"https:\/\/eurosargen.es\/en\/wp-json\/wp\/v2\/pages\/104","targetHints":{"allow":["GET"]}}],"collection":[{"href":"https:\/\/eurosargen.es\/en\/wp-json\/wp\/v2\/pages"}],"about":[{"href":"https:\/\/eurosargen.es\/en\/wp-json\/wp\/v2\/types\/page"}],"author":[{"embeddable":true,"href":"https:\/\/eurosargen.es\/en\/wp-json\/wp\/v2\/users\/2"}],"replies":[{"embeddable":true,"href":"https:\/\/eurosargen.es\/en\/wp-json\/wp\/v2\/comments?post=104"}],"version-history":[{"count":6,"href":"https:\/\/eurosargen.es\/en\/wp-json\/wp\/v2\/pages\/104\/revisions"}],"predecessor-version":[{"id":136,"href":"https:\/\/eurosargen.es\/en\/wp-json\/wp\/v2\/pages\/104\/revisions\/136"}],"wp:attachment":[{"href":"https:\/\/eurosargen.es\/en\/wp-json\/wp\/v2\/media?parent=104"}],"curies":[{"name":"wp","href":"https:\/\/api.w.org\/{rel}","templated":true}]}}